{"id":1654,"date":"2026-04-15T23:47:50","date_gmt":"2026-04-16T03:47:50","guid":{"rendered":"https:\/\/vidagenial.org\/?page_id=1654"},"modified":"2026-04-23T19:05:00","modified_gmt":"2026-04-23T23:05:00","slug":"afiliacion","status":"publish","type":"page","link":"https:\/\/vidagenial.org\/es_es\/afiliacion\/","title":{"rendered":"Afiliaci\u00f3n"},"content":{"rendered":"\n<div class=\"wp-block-uagb-container uagb-block-f8yoehch alignfull uagb-is-root-container\"><div class=\"uagb-container-inner-blocks-wrap\">\n<div class=\"wp-block-uagb-info-box uagb-block-ovfh2is3 uagb-infobox__content-wrap  uagb-infobox-icon-above-title uagb-infobox-image-valign-top\"><div class=\"uagb-ifb-content\"><div class=\"uagb-ifb-title-wrap\"><h1 class=\"uagb-ifb-title\">Dec\u00eddase a ser parte de los miles que est\u00e1n obteniendo bienestar integral y libertad financiera<\/h1><\/div><p class=\"uagb-ifb-desc\">Personalmente le ense\u00f1aremos c\u00f3mo lograr el \u00e9xito con este modelo de negocio, para que usted tambi\u00e9n pueda disfrutar de una vida genial.<\/p><\/div><\/div>\n\n\n\n<div class=\"wp-block-uagb-buttons uagb-buttons__outer-wrap uagb-btn__default-btn uagb-btn-tablet__default-btn uagb-btn-mobile__default-btn uagb-block-7gg2ze7t\"><div class=\"uagb-buttons__wrap uagb-buttons-layout-wrap \">\n<div class=\"wp-block-uagb-buttons-child uagb-buttons__outer-wrap uagb-block-df1b3c08 wp-block-button animated zoomIn\"><div class=\"uagb-button__wrapper\"><a class=\"uagb-buttons-repeater wp-block-button__link\" aria-label=\"\" href=\"https:\/\/eworld.dxn2u.com\/s\/accreg\/es419\/610005211\" rel=\"follow noopener\" target=\"_blank\" role=\"button\"><div class=\"uagb-button__link\">\u00danase ahora<\/div><\/a><\/div><\/div>\n<\/div><\/div>\n\n\n\n<div class=\"wp-block-uagb-container uagb-block-zi1dw7nb\">\n<div class=\"wp-block-uagb-image aligncenter uagb-block-kpcuszxw wp-block-uagb-image--layout-default wp-block-uagb-image--effect-static wp-block-uagb-image--align-center alignleft\"><figure class=\"wp-block-uagb-image__figure\"><img data-opt-id=166895403  fetchpriority=\"high\" decoding=\"async\" srcset=\"https:\/\/mlfyzreawkrg.i.optimole.com\/w:225\/h:300\/q:mauto\/f:best\/https:\/\/vidagenial.org\/wp-content\/uploads\/2026\/04\/Cena-4.jpg ,https:\/\/mlfyzreawkrg.i.optimole.com\/w:auto\/h:auto\/q:mauto\/f:best\/https:\/\/vidagenial.org\/wp-content\/uploads\/2026\/04\/Cena-4.jpg 780w, https:\/\/mlfyzreawkrg.i.optimole.com\/w:auto\/h:auto\/q:mauto\/f:best\/https:\/\/vidagenial.org\/wp-content\/uploads\/2026\/04\/Cena-4.jpg 360w\" sizes=\"auto, (max-width: 480px) 150px\" src=\"https:\/\/mlfyzreawkrg.i.optimole.com\/w:225\/h:300\/q:mauto\/f:best\/https:\/\/vidagenial.org\/wp-content\/uploads\/2026\/04\/Cena-4.jpg\" alt=\"cena 4\" class=\"uag-image-1676\" width=\"280\" height=\"300\" title=\"cena 4\" loading=\"lazy\" role=\"img\"\/><\/figure><\/div>\n\n\n\n<div class=\"wp-block-uagb-image alignleft uagb-block-dl69auti wp-block-uagb-image--layout-default wp-block-uagb-image--effect-static wp-block-uagb-image--align-left\"><figure class=\"wp-block-uagb-image__figure\"><img data-opt-id=1796861877  fetchpriority=\"high\" decoding=\"async\" srcset=\"https:\/\/mlfyzreawkrg.i.optimole.com\/w:auto\/h:auto\/q:mauto\/f:best\/https:\/\/vidagenial.org\/wp-content\/uploads\/2026\/04\/Juntos.jpg ,https:\/\/mlfyzreawkrg.i.optimole.com\/w:auto\/h:auto\/q:mauto\/f:best\/https:\/\/vidagenial.org\/wp-content\/uploads\/2026\/04\/Juntos.jpg 780w, https:\/\/mlfyzreawkrg.i.optimole.com\/w:auto\/h:auto\/q:mauto\/f:best\/https:\/\/vidagenial.org\/wp-content\/uploads\/2026\/04\/Juntos.jpg 360w\" sizes=\"auto, (max-width: 480px) 150px\" src=\"https:\/\/mlfyzreawkrg.i.optimole.com\/w:auto\/h:auto\/q:mauto\/f:best\/https:\/\/vidagenial.org\/wp-content\/uploads\/2026\/04\/Juntos.jpg\" alt=\"juntos\" class=\"uag-image-1344\" width=\"282\" height=\"420\" title=\"juntos\" loading=\"lazy\" role=\"img\"\/><\/figure><\/div>\n\n\n\n<div class=\"wp-block-uagb-image alignleft uagb-block-kiy6mncl wp-block-uagb-image--layout-default wp-block-uagb-image--effect-static wp-block-uagb-image--align-left\"><figure class=\"wp-block-uagb-image__figure\"><img data-opt-id=279774463  data-opt-src=\"https:\/\/mlfyzreawkrg.i.optimole.com\/w:768\/h:1024\/q:mauto\/f:best\/https:\/\/vidagenial.org\/wp-content\/uploads\/2026\/04\/Ernesto-y-Sandra-frente-a-piramides.jpg\"  decoding=\"async\" old-srcset=\"https:\/\/mlfyzreawkrg.i.optimole.com\/w:768\/h:1024\/q:mauto\/f:best\/https:\/\/vidagenial.org\/wp-content\/uploads\/2026\/04\/Ernesto-y-Sandra-frente-a-piramides.jpg ,https:\/\/mlfyzreawkrg.i.optimole.com\/w:auto\/h:auto\/q:mauto\/f:best\/https:\/\/vidagenial.org\/wp-content\/uploads\/2026\/04\/Ernesto-y-Sandra-frente-a-piramides.jpg 780w, https:\/\/mlfyzreawkrg.i.optimole.com\/w:auto\/h:auto\/q:mauto\/f:best\/https:\/\/vidagenial.org\/wp-content\/uploads\/2026\/04\/Ernesto-y-Sandra-frente-a-piramides.jpg 360w\" src=\"data:image/svg+xml,%3Csvg%20viewBox%3D%220%200%20768%201024%22%20width%3D%22768%22%20height%3D%221024%22%20xmlns%3D%22http%3A%2F%2Fwww.w3.org%2F2000%2Fsvg%22%3E%3Crect%20width%3D%22768%22%20height%3D%221024%22%20fill%3D%22transparent%22%2F%3E%3C%2Fsvg%3E\" alt=\"ernesto y sandra frente a pir\u00e1mides\" class=\"uag-image-1680\" width=\"282\" height=\"370\" title=\"ernesto y sandra frente a pir\u00e1mides\" loading=\"lazy\" role=\"img\"\/><\/figure><\/div>\n\n\n\n<div class=\"wp-block-uagb-image alignleft uagb-block-6boyoknc wp-block-uagb-image--layout-default wp-block-uagb-image--effect-static wp-block-uagb-image--align-left\"><figure class=\"wp-block-uagb-image__figure\"><img data-opt-id=1402171890  data-opt-src=\"https:\/\/mlfyzreawkrg.i.optimole.com\/w:750\/h:1024\/q:mauto\/f:best\/https:\/\/vidagenial.org\/wp-content\/uploads\/2026\/04\/Reconocimiento.png\"  decoding=\"async\" old-srcset=\"https:\/\/mlfyzreawkrg.i.optimole.com\/w:750\/h:1024\/q:mauto\/f:best\/https:\/\/vidagenial.org\/wp-content\/uploads\/2026\/04\/Reconocimiento.png ,https:\/\/mlfyzreawkrg.i.optimole.com\/w:auto\/h:auto\/q:mauto\/f:best\/https:\/\/vidagenial.org\/wp-content\/uploads\/2026\/04\/Reconocimiento.png 780w, https:\/\/mlfyzreawkrg.i.optimole.com\/w:auto\/h:auto\/q:mauto\/f:best\/https:\/\/vidagenial.org\/wp-content\/uploads\/2026\/04\/Reconocimiento.png 360w\" src=\"data:image/svg+xml,%3Csvg%20viewBox%3D%220%200%20750%201024%22%20width%3D%22750%22%20height%3D%221024%22%20xmlns%3D%22http%3A%2F%2Fwww.w3.org%2F2000%2Fsvg%22%3E%3Crect%20width%3D%22750%22%20height%3D%221024%22%20fill%3D%22transparent%22%2F%3E%3C%2Fsvg%3E\" alt=\"reconocimiento\" class=\"uag-image-1681\" width=\"282\" height=\"420\" title=\"reconocimiento\" loading=\"lazy\" role=\"img\"\/><\/figure><\/div>\n<\/div>\n<\/div><\/div>\n\n\n\n<div class=\"bktc-wrap\" style=\"--bktc-bg:#f8f7ff;--bktc-card-bg:#ffffff;--bktc-text:#222222;--bktc-accent:#6c3fb5;--bktc-star:#f5a623;--bktc-pad:36px;--bktc-radius:16px;--bktc-speed:3500ms\" data-autoplay=\"1\" data-speed=\"3500\" data-loop=\"1\" data-hover=\"1\" data-arrows=\"1\" data-dots=\"1\"><div class=\"bktc-track\"><div class=\"bktc-slide bktc-active\"><div class=\"bktc-card\" style=\"text-align:center\"><div class=\"bktc-quote-mark\">\u201c<\/div><p class=\"bktc-quote\">Absolutely transformed the way we work. Highly recommended!<\/p><div class=\"bktc-stars\"><span class=\"bktc-star\" style=\"color:#f5a623\">\u2605<\/span><span class=\"bktc-star\" style=\"color:#f5a623\">\u2605<\/span><span class=\"bktc-star\" style=\"color:#f5a623\">\u2605<\/span><span class=\"bktc-star\" style=\"color:#f5a623\">\u2605<\/span><span class=\"bktc-star\" style=\"color:#f5a623\">\u2605<\/span><\/div><div class=\"bktc-author-row\"><div class=\"bktc-avatar bktc-avatar-initials\"><span>S<\/span><\/div><div><strong class=\"bktc-name\">Sarah Johnson<\/strong><span class=\"bktc-role\">CEO, TechCorp<\/span><\/div><\/div><\/div><\/div><div class=\"bktc-slide\"><div class=\"bktc-card\" style=\"text-align:center\"><div class=\"bktc-quote-mark\">\u201c<\/div><p class=\"bktc-quote\">The best product I&#8217;ve ever used. Support is phenomenal.<\/p><div class=\"bktc-stars\"><span class=\"bktc-star\" style=\"color:#f5a623\">\u2605<\/span><span class=\"bktc-star\" style=\"color:#f5a623\">\u2605<\/span><span class=\"bktc-star\" style=\"color:#f5a623\">\u2605<\/span><span class=\"bktc-star\" style=\"color:#f5a623\">\u2605<\/span><span class=\"bktc-star\" style=\"color:#f5a623\">\u2605<\/span><\/div><div class=\"bktc-author-row\"><div class=\"bktc-avatar bktc-avatar-initials\"><span>M<\/span><\/div><div><strong class=\"bktc-name\">Michael Chen<\/strong><span class=\"bktc-role\">Designer, Studio X<\/span><\/div><\/div><\/div><\/div><div class=\"bktc-slide\"><div class=\"bktc-card\" style=\"text-align:center\"><div class=\"bktc-quote-mark\">\u201c<\/div><p class=\"bktc-quote\">Five stars, no question. It just works perfectly every time.<\/p><div class=\"bktc-stars\"><span class=\"bktc-star\" style=\"color:#f5a623\">\u2605<\/span><span class=\"bktc-star\" style=\"color:#f5a623\">\u2605<\/span><span class=\"bktc-star\" style=\"color:#f5a623\">\u2605<\/span><span class=\"bktc-star\" style=\"color:#f5a623\">\u2605<\/span><span class=\"bktc-star\" style=\"color:#ddd\">\u2605<\/span><\/div><div class=\"bktc-author-row\"><div class=\"bktc-avatar bktc-avatar-initials\"><span>E<\/span><\/div><div><strong class=\"bktc-name\">Emily Davis<\/strong><span class=\"bktc-role\">Founder, GrowthLab<\/span><\/div><\/div><\/div><\/div><\/div><div class=\"bktc-arrows\"><button class=\"bktc-arrow bktc-prev\" aria-label=\"Previous\">&#8249;<\/button><button class=\"bktc-arrow bktc-next\" aria-label=\"Next\">&#8250;<\/button><\/div><div class=\"bktc-dots\"><\/div><\/div>\n","protected":false},"excerpt":{"rendered":"","protected":false},"author":1,"featured_media":1969,"parent":0,"menu_order":0,"comment_status":"closed","ping_status":"closed","template":"","meta":{"_eb_attr":"","_uag_custom_page_level_css":"","site-sidebar-layout":"default","site-content-layout":"","ast-site-content-layout":"default","site-content-style":"default","site-sidebar-style":"default","ast-global-header-display":"","ast-banner-title-visibility":"","ast-main-header-display":"","ast-hfb-above-header-display":"","ast-hfb-below-header-display":"","ast-hfb-mobile-header-display":"","site-post-title":"","ast-breadcrumbs-content":"","ast-featured-img":"","footer-sml-layout":"","ast-disable-related-posts":"","theme-transparent-header-meta":"","adv-header-id-meta":"","stick-header-meta":"","header-above-stick-meta":"","header-main-stick-meta":"","header-below-stick-meta":"","astra-migrate-meta-layouts":"default","ast-page-background-enabled":"default","ast-page-background-meta":{"desktop":{"background-color":"var(--ast-global-color-5)","background-image":"","background-repeat":"repeat","background-position":"center center","background-size":"auto","background-attachment":"scroll","background-type":"","background-media":"","overlay-type":"","overlay-color":"","overlay-opacity":"","overlay-gradient":""},"tablet":{"background-color":"","background-image":"","background-repeat":"repeat","background-position":"center center","background-size":"auto","background-attachment":"scroll","background-type":"","background-media":"","overlay-type":"","overlay-color":"","overlay-opacity":"","overlay-gradient":""},"mobile":{"background-color":"","background-image":"","background-repeat":"repeat","background-position":"center center","background-size":"auto","background-attachment":"scroll","background-type":"","background-media":"","overlay-type":"","overlay-color":"","overlay-opacity":"","overlay-gradient":""}},"ast-content-background-meta":{"desktop":{"background-color":"var(--ast-global-color-4)","background-image":"","background-repeat":"repeat","background-position":"center center","background-size":"auto","background-attachment":"scroll","background-type":"","background-media":"","overlay-type":"","overlay-color":"","overlay-opacity":"","overlay-gradient":""},"tablet":{"background-color":"var(--ast-global-color-4)","background-image":"","background-repeat":"repeat","background-position":"center center","background-size":"auto","background-attachment":"scroll","background-type":"","background-media":"","overlay-type":"","overlay-color":"","overlay-opacity":"","overlay-gradient":""},"mobile":{"background-color":"var(--ast-global-color-4)","background-image":"","background-repeat":"repeat","background-position":"center center","background-size":"auto","background-attachment":"scroll","background-type":"","background-media":"","overlay-type":"","overlay-color":"","overlay-opacity":"","overlay-gradient":""}},"_themeisle_gutenberg_block_has_review":false,"footnotes":""},"class_list":["post-1654","page","type-page","status-publish","has-post-thumbnail","hentry"],"_hostinger_reach_plugin_has_subscription_block":false,"_hostinger_reach_plugin_is_elementor":false,"uagb_featured_image_src":{"full":["https:\/\/mlfyzreawkrg.i.optimole.com\/w:auto\/h:auto\/q:mauto\/f:best\/https:\/\/vidagenial.org\/wp-content\/uploads\/2026\/04\/Cabecera-A-1-scaled.png",2560,975,false],"thumbnail":["https:\/\/mlfyzreawkrg.i.optimole.com\/w:150\/h:150\/q:mauto\/rt:fill\/g:ce\/f:best\/https:\/\/vidagenial.org\/wp-content\/uploads\/2026\/04\/Cabecera-A-1.png",150,150,true],"medium":["https:\/\/mlfyzreawkrg.i.optimole.com\/w:300\/h:114\/q:mauto\/f:best\/https:\/\/vidagenial.org\/wp-content\/uploads\/2026\/04\/Cabecera-A-1.png",300,114,true],"medium_large":["https:\/\/mlfyzreawkrg.i.optimole.com\/w:768\/h:293\/q:mauto\/f:best\/https:\/\/vidagenial.org\/wp-content\/uploads\/2026\/04\/Cabecera-A-1.png",768,293,true],"large":["https:\/\/mlfyzreawkrg.i.optimole.com\/w:1024\/h:390\/q:mauto\/f:best\/https:\/\/vidagenial.org\/wp-content\/uploads\/2026\/04\/Cabecera-A-1.png",1024,390,true],"1536x1536":["https:\/\/mlfyzreawkrg.i.optimole.com\/w:1536\/h:585\/q:mauto\/f:best\/https:\/\/vidagenial.org\/wp-content\/uploads\/2026\/04\/Cabecera-A-1.png",1536,585,true],"2048x2048":["https:\/\/mlfyzreawkrg.i.optimole.com\/w:1920\/h:731\/q:mauto\/f:best\/https:\/\/vidagenial.org\/wp-content\/uploads\/2026\/04\/Cabecera-A-1.png",2048,780,true],"trp-custom-language-flag":["https:\/\/mlfyzreawkrg.i.optimole.com\/w:18\/h:7\/q:mauto\/f:best\/dpr:2\/https:\/\/vidagenial.org\/wp-content\/uploads\/2026\/04\/Cabecera-A-1.png",18,7,true]},"uagb_author_info":{"display_name":"vidagenialposible@hotmail.com","author_link":"https:\/\/vidagenial.org\/es_es\/author\/vidagenialposiblehotmail-com\/"},"uagb_comment_info":0,"uagb_excerpt":null,"_links":{"self":[{"href":"https:\/\/vidagenial.org\/es_es\/wp-json\/wp\/v2\/pages\/1654","targetHints":{"allow":["GET"]}}],"collection":[{"href":"https:\/\/vidagenial.org\/es_es\/wp-json\/wp\/v2\/pages"}],"about":[{"href":"https:\/\/vidagenial.org\/es_es\/wp-json\/wp\/v2\/types\/page"}],"author":[{"embeddable":true,"href":"https:\/\/vidagenial.org\/es_es\/wp-json\/wp\/v2\/users\/1"}],"replies":[{"embeddable":true,"href":"https:\/\/vidagenial.org\/es_es\/wp-json\/wp\/v2\/comments?post=1654"}],"version-history":[{"count":14,"href":"https:\/\/vidagenial.org\/es_es\/wp-json\/wp\/v2\/pages\/1654\/revisions"}],"predecessor-version":[{"id":1972,"href":"https:\/\/vidagenial.org\/es_es\/wp-json\/wp\/v2\/pages\/1654\/revisions\/1972"}],"wp:featuredmedia":[{"embeddable":true,"href":"https:\/\/vidagenial.org\/es_es\/wp-json\/wp\/v2\/media\/1969"}],"wp:attachment":[{"href":"https:\/\/vidagenial.org\/es_es\/wp-json\/wp\/v2\/media?parent=1654"}],"curies":[{"name":"wp","href":"https:\/\/api.w.org\/{rel}","templated":true}]}}