{"id":2119,"date":"2026-04-27T19:15:53","date_gmt":"2026-04-27T23:15:53","guid":{"rendered":"https:\/\/vidagenial.org\/?page_id=2119"},"modified":"2026-04-27T23:24:56","modified_gmt":"2026-04-28T03:24:56","slug":"eventos","status":"publish","type":"page","link":"https:\/\/vidagenial.org\/en\/mundo-dxn\/eventos\/","title":{"rendered":"Events"},"content":{"rendered":"<div style=\"height:119px\" aria-hidden=\"true\" class=\"wp-block-spacer\"><\/div>\n\n\n\n<div class=\"wp-block-uagb-container uagb-block-w430tb1c alignfull uagb-is-root-container\"><div class=\"uagb-container-inner-blocks-wrap\">\n<div class=\"wp-block-uagb-container uagb-block-yemls181\">\n<div class=\"wp-block-uagb-info-box uagb-block-bwn4z28u uagb-infobox__content-wrap  uagb-infobox-icon-above-title uagb-infobox-image-valign-top\"><div class=\"uagb-ifb-content\"><div class=\"uagb-ifb-title-wrap\"><h1 class=\"uagb-ifb-title\">Conozca los eventos que prepara DXN<\/h1><\/div><p class=\"uagb-ifb-desc\">Aqu\u00ed encontrar\u00e1 el calendario de las principales actividades en que participamos los socios, distribuidores y miembros de DXN, donde aprendemos a crecer junto con la empresa y compartimos experiencias y conocimientos.<\/p><\/div><\/div>\n\n\n\n<p>Tambi\u00e9n encontrar\u00e1 en esta secci\u00f3n las principales informaciones y noticias acerca de las actividades y nuevos productos que genera DXN.<\/p>\n<\/div>\n\n\n\n<div class=\"wp-block-uagb-container uagb-block-5ig6klmr\">\n<div class=\"wp-block-uagb-image alignleft uagb-block-2d4vj9ry wp-block-uagb-image--layout-default wp-block-uagb-image--effect-static wp-block-uagb-image--align-left\"><figure class=\"wp-block-uagb-image__figure\"><img data-opt-id=1611945376  fetchpriority=\"high\" decoding=\"async\" srcset=\"https:\/\/websitedemos.net\/wp-content\/uploads\/2023\/10\/desserts-01-1024x683.jpg ,https:\/\/mlfyzreawkrg.i.optimole.com\/w:auto\/h:auto\/q:mauto\/f:best\/https:\/\/vidagenial.org\/wp-content\/uploads\/2026\/04\/desserts-01.jpg 780w, https:\/\/mlfyzreawkrg.i.optimole.com\/w:auto\/h:auto\/q:mauto\/f:best\/https:\/\/vidagenial.org\/wp-content\/uploads\/2026\/04\/desserts-01.jpg 360w\" sizes=\"(max-width: 480px) 150px\" src=\"https:\/\/websitedemos.net\/wp-content\/uploads\/2023\/10\/desserts-01-1024x683.jpg\" alt=\"Desserts 01 1024x683\" class=\"uag-image-80569\" width=\"270\" height=\"360\" title=\"Events\" loading=\"lazy\" role=\"img\"><\/figure><\/div>\n\n\n\n<div class=\"wp-block-uagb-image alignleft uagb-block-xjrfl9dv wp-block-uagb-image--layout-default wp-block-uagb-image--effect-static wp-block-uagb-image--align-left\"><figure class=\"wp-block-uagb-image__figure\"><img data-opt-id=1323027901  fetchpriority=\"high\" decoding=\"async\" srcset=\"https:\/\/websitedemos.net\/wp-content\/uploads\/2023\/10\/mountains-01-1024x683.jpg ,https:\/\/mlfyzreawkrg.i.optimole.com\/w:auto\/h:auto\/q:mauto\/f:best\/https:\/\/vidagenial.org\/wp-content\/uploads\/2026\/04\/mountains-01.jpg 780w, https:\/\/mlfyzreawkrg.i.optimole.com\/w:auto\/h:auto\/q:mauto\/f:best\/https:\/\/vidagenial.org\/wp-content\/uploads\/2026\/04\/mountains-01.jpg 360w\" sizes=\"(max-width: 480px) 150px\" src=\"https:\/\/websitedemos.net\/wp-content\/uploads\/2023\/10\/mountains-01-1024x683.jpg\" alt=\"Mountains 01 1024x683\" class=\"uag-image-80571\" width=\"270\" height=\"360\" title=\"Events\" loading=\"lazy\" role=\"img\"><\/figure><\/div>\n<\/div>\n<\/div><\/div>\n\n\n\n<!-- Elfsight Event Calendar | Untitled Event Calendar -->\n<script src=\"https:\/\/elfsightcdn.com\/platform.js\" async><\/script>\n<div class=\"elfsight-app-fb5a4251-64b6-42f7-8c58-b96f07f3efb0\" data-elfsight-app-lazy><\/div>\n\n\n\n<div style=\"height:31px\" aria-hidden=\"true\" class=\"wp-block-spacer\"><\/div>\n\n\n<div class=\"is-style-boxed wp-block-themeisle-blocks-posts-grid\" id=\"wp-block-themeisle-blocks-posts-grid-bc21e13b\"><div class=\"is-grid o-posts-grid-columns-4\"><div class=\"o-posts-grid-post-blog o-posts-grid-post-plain\"><div class=\"o-posts-grid-post\"><div class=\"o-posts-grid-post-image\"><a href=\"https:\/\/vidagenial.org\/en\/comienza-a-crecer\/\"><img data-opt-id=215367332  data-opt-src=\"https:\/\/mlfyzreawkrg.i.optimole.com\/w:auto\/h:auto\/q:mauto\/f:best\/https:\/\/vidagenial.org\/wp-content\/uploads\/2026\/04\/Evento-1.jpg\"  decoding=\"async\" width=\"512\" height=\"640\" src=\"data:image/svg+xml,%3Csvg%20viewBox%3D%220%200%20100%%20100%%22%20width%3D%22100%%22%20height%3D%22100%%22%20xmlns%3D%22http%3A%2F%2Fwww.w3.org%2F2000%2Fsvg%22%3E%3Crect%20width%3D%22100%%22%20height%3D%22100%%22%20fill%3D%22transparent%22%2F%3E%3C%2Fsvg%3E\" class=\"attachment-full size-full\" alt=\"evento 1\" old-srcset=\"https:\/\/mlfyzreawkrg.i.optimole.com\/w:512\/h:640\/q:mauto\/f:best\/https:\/\/vidagenial.org\/wp-content\/uploads\/2026\/04\/Evento-1.jpg 512w, https:\/\/mlfyzreawkrg.i.optimole.com\/w:240\/h:300\/q:mauto\/f:best\/https:\/\/vidagenial.org\/wp-content\/uploads\/2026\/04\/Evento-1.jpg 240w, https:\/\/mlfyzreawkrg.i.optimole.com\/w:10\/h:12\/q:mauto\/f:best\/dpr:2\/https:\/\/vidagenial.org\/wp-content\/uploads\/2026\/04\/Evento-1.jpg 10w\" title=\"Events\"><\/a><\/div><div class=\"o-posts-grid-post-body\"><span class=\"o-posts-grid-post-category\"><a href=\"https:\/\/vidagenial.org\/en\/category\/eventos\/\">Events<\/a><\/span><h4 class=\"o-posts-grid-post-title\"><a href=\"https:\/\/vidagenial.org\/en\/comienza-a-crecer\/\">It starts to grow<\/a><\/h4><p class=\"o-posts-grid-post-meta\">Posted on <time datetime=\"2026-04-13T02:03:12-04:00\">13 de April de 2026<\/time> by <a href=\"https:\/\/vidagenial.org\/en\/author\/vidagenialposiblehotmail-com\/\">vidagenialposible@hotmail.com<\/a><\/p><div class=\"o-posts-grid-post-description\"><p><\/p><\/div><\/div><\/div><\/div><div class=\"o-posts-grid-post-blog o-posts-grid-post-plain\"><div class=\"o-posts-grid-post\"><div class=\"o-posts-grid-post-image\"><a href=\"https:\/\/vidagenial.org\/en\/ya-tenemos-sitio-web\/\"><img data-opt-id=711826091  data-opt-src=\"https:\/\/mlfyzreawkrg.i.optimole.com\/w:auto\/h:auto\/q:mauto\/f:best\/https:\/\/vidagenial.org\/wp-content\/uploads\/2026\/04\/Primera-piedra-fabrica-DXN.png\"  decoding=\"async\" width=\"1600\" height=\"739\" src=\"data:image/svg+xml,%3Csvg%20viewBox%3D%220%200%20100%%20100%%22%20width%3D%22100%%22%20height%3D%22100%%22%20xmlns%3D%22http%3A%2F%2Fwww.w3.org%2F2000%2Fsvg%22%3E%3Crect%20width%3D%22100%%22%20height%3D%22100%%22%20fill%3D%22transparent%22%2F%3E%3C%2Fsvg%3E\" class=\"attachment-full size-full\" alt=\"primera piedra f\u00e1brica dxn\" old-srcset=\"https:\/\/mlfyzreawkrg.i.optimole.com\/w:1600\/h:739\/q:mauto\/f:best\/https:\/\/vidagenial.org\/wp-content\/uploads\/2026\/04\/Primera-piedra-fabrica-DXN.png 1600w, https:\/\/mlfyzreawkrg.i.optimole.com\/w:300\/h:139\/q:mauto\/f:best\/https:\/\/vidagenial.org\/wp-content\/uploads\/2026\/04\/Primera-piedra-fabrica-DXN.png 300w, https:\/\/mlfyzreawkrg.i.optimole.com\/w:766\/h:354\/q:mauto\/f:best\/https:\/\/vidagenial.org\/wp-content\/uploads\/2026\/04\/Primera-piedra-fabrica-DXN.png 766w, https:\/\/mlfyzreawkrg.i.optimole.com\/w:1024\/h:473\/q:mauto\/f:best\/https:\/\/vidagenial.org\/wp-content\/uploads\/2026\/04\/Primera-piedra-fabrica-DXN.png 1024w, https:\/\/mlfyzreawkrg.i.optimole.com\/w:1536\/h:709\/q:mauto\/f:best\/https:\/\/vidagenial.org\/wp-content\/uploads\/2026\/04\/Primera-piedra-fabrica-DXN.png 1536w, https:\/\/mlfyzreawkrg.i.optimole.com\/w:18\/h:8\/q:mauto\/f:best\/dpr:2\/https:\/\/vidagenial.org\/wp-content\/uploads\/2026\/04\/Primera-piedra-fabrica-DXN.png 18w\" title=\"Events\"><\/a><\/div><div class=\"o-posts-grid-post-body\"><span class=\"o-posts-grid-post-category\"><a href=\"https:\/\/vidagenial.org\/en\/category\/noticias\/\">News<\/a><\/span><h4 class=\"o-posts-grid-post-title\"><a href=\"https:\/\/vidagenial.org\/en\/ya-tenemos-sitio-web\/\">Bolivia tendr\u00e1 f\u00e1bricas de productos saludables de DXN<\/a><\/h4><p class=\"o-posts-grid-post-meta\">Posted on <time datetime=\"2026-04-12T22:15:33-04:00\">12 de April de 2026<\/time> by <a href=\"https:\/\/vidagenial.org\/en\/author\/vidagenialposiblehotmail-com\/\">vidagenialposible@hotmail.com<\/a><\/p><div class=\"o-posts-grid-post-description\"><p>Con una inversi\u00f3n millonaria, la empresa multinivel de alimentos saludables, de origen malayo, DXN, \u2026<\/p><\/div><\/div><\/div><\/div><div class=\"o-posts-grid-post-blog o-posts-grid-post-plain\"><div class=\"o-posts-grid-post\"><div class=\"o-posts-grid-post-image\"><a href=\"https:\/\/vidagenial.org\/en\/post-1\/\"><img data-opt-id=2081859837  data-opt-src=\"https:\/\/mlfyzreawkrg.i.optimole.com\/w:auto\/h:auto\/q:mauto\/f:best\/https:\/\/vidagenial.org\/wp-content\/uploads\/2026\/04\/Ganoderma.webp\"  decoding=\"async\" width=\"640\" height=\"359\" src=\"data:image/svg+xml,%3Csvg%20viewBox%3D%220%200%20100%%20100%%22%20width%3D%22100%%22%20height%3D%22100%%22%20xmlns%3D%22http%3A%2F%2Fwww.w3.org%2F2000%2Fsvg%22%3E%3Crect%20width%3D%22100%%22%20height%3D%22100%%22%20fill%3D%22transparent%22%2F%3E%3C%2Fsvg%3E\" class=\"attachment-full size-full\" alt=\"Da inicio en Bolivia una nueva etapa para DXN\" old-srcset=\"https:\/\/mlfyzreawkrg.i.optimole.com\/w:640\/h:359\/q:mauto\/f:best\/https:\/\/vidagenial.org\/wp-content\/uploads\/2026\/04\/Ganoderma.webp 640w, https:\/\/mlfyzreawkrg.i.optimole.com\/w:300\/h:168\/q:mauto\/f:best\/https:\/\/vidagenial.org\/wp-content\/uploads\/2026\/04\/Ganoderma.webp 300w, https:\/\/mlfyzreawkrg.i.optimole.com\/w:18\/h:10\/q:mauto\/f:best\/dpr:2\/https:\/\/vidagenial.org\/wp-content\/uploads\/2026\/04\/Ganoderma.webp 18w\" title=\"Events\"><\/a><\/div><div class=\"o-posts-grid-post-body\"><span class=\"o-posts-grid-post-category\"><a href=\"https:\/\/vidagenial.org\/en\/category\/noticias\/\">News<\/a><\/span><h4 class=\"o-posts-grid-post-title\"><a href=\"https:\/\/vidagenial.org\/en\/post-1\/\">Da inicio en Bolivia una nueva etapa para DXN<\/a><\/h4><p class=\"o-posts-grid-post-meta\">Posted on <time datetime=\"2026-04-04T21:46:42-04:00\">4 de April de 2026<\/time> by <a href=\"https:\/\/vidagenial.org\/en\/author\/vidagenialposiblehotmail-com\/\">vidagenialposible@hotmail.com<\/a> \/ 1 comment<\/p><div class=\"o-posts-grid-post-description\"><p>El pasado 16 de abril se realiz\u00f3 la ceremonia de poner la primera piedra para la nueva f\u00e1brica DXN, \u2026<\/p><\/div><\/div><\/div><\/div><\/div> <\/div>","protected":false},"excerpt":{"rendered":"<p>Tambi\u00e9n encontrar\u00e1 en esta secci\u00f3n las principales informaciones y noticias acerca de las actividades y nuevos productos que genera DXN.<\/p>","protected":false},"author":1,"featured_media":0,"parent":862,"menu_order":0,"comment_status":"closed","ping_status":"closed","template":"","meta":{"_eb_attr":"","_uag_custom_page_level_css":"","site-sidebar-layout":"default","site-content-layout":"","ast-site-content-layout":"default","site-content-style":"default","site-sidebar-style":"default","ast-global-header-display":"","ast-banner-title-visibility":"","ast-main-header-display":"","ast-hfb-above-header-display":"","ast-hfb-below-header-display":"","ast-hfb-mobile-header-display":"","site-post-title":"","ast-breadcrumbs-content":"","ast-featured-img":"","footer-sml-layout":"","ast-disable-related-posts":"","theme-transparent-header-meta":"","adv-header-id-meta":"","stick-header-meta":"","header-above-stick-meta":"","header-main-stick-meta":"","header-below-stick-meta":"","astra-migrate-meta-layouts":"default","ast-page-background-enabled":"default","ast-page-background-meta":{"desktop":{"background-color":"var(--ast-global-color-5)","background-image":"","background-repeat":"repeat","background-position":"center center","background-size":"auto","background-attachment":"scroll","background-type":"","background-media":"","overlay-type":"","overlay-color":"","overlay-opacity":"","overlay-gradient":""},"tablet":{"background-color":"","background-image":"","background-repeat":"repeat","background-position":"center center","background-size":"auto","background-attachment":"scroll","background-type":"","background-media":"","overlay-type":"","overlay-color":"","overlay-opacity":"","overlay-gradient":""},"mobile":{"background-color":"","background-image":"","background-repeat":"repeat","background-position":"center center","background-size":"auto","background-attachment":"scroll","background-type":"","background-media":"","overlay-type":"","overlay-color":"","overlay-opacity":"","overlay-gradient":""}},"ast-content-background-meta":{"desktop":{"background-color":"var(--ast-global-color-4)","background-image":"","background-repeat":"repeat","background-position":"center center","background-size":"auto","background-attachment":"scroll","background-type":"","background-media":"","overlay-type":"","overlay-color":"","overlay-opacity":"","overlay-gradient":""},"tablet":{"background-color":"var(--ast-global-color-4)","background-image":"","background-repeat":"repeat","background-position":"center center","background-size":"auto","background-attachment":"scroll","background-type":"","background-media":"","overlay-type":"","overlay-color":"","overlay-opacity":"","overlay-gradient":""},"mobile":{"background-color":"var(--ast-global-color-4)","background-image":"","background-repeat":"repeat","background-position":"center center","background-size":"auto","background-attachment":"scroll","background-type":"","background-media":"","overlay-type":"","overlay-color":"","overlay-opacity":"","overlay-gradient":""}},"_themeisle_gutenberg_block_has_review":false,"footnotes":""},"class_list":["post-2119","page","type-page","status-publish","hentry"],"_hostinger_reach_plugin_has_subscription_block":false,"_hostinger_reach_plugin_is_elementor":false,"uagb_featured_image_src":{"full":false,"thumbnail":false,"medium":false,"medium_large":false,"large":false,"1536x1536":false,"2048x2048":false,"trp-custom-language-flag":false},"uagb_author_info":{"display_name":"vidagenialposible@hotmail.com","author_link":"https:\/\/vidagenial.org\/en\/author\/vidagenialposiblehotmail-com\/"},"uagb_comment_info":0,"uagb_excerpt":"Tambi\u00e9n encontrar\u00e1 en esta secci\u00f3n las principales informaciones y noticias acerca de las actividades y nuevos productos que genera DXN.","_links":{"self":[{"href":"https:\/\/vidagenial.org\/en\/wp-json\/wp\/v2\/pages\/2119","targetHints":{"allow":["GET"]}}],"collection":[{"href":"https:\/\/vidagenial.org\/en\/wp-json\/wp\/v2\/pages"}],"about":[{"href":"https:\/\/vidagenial.org\/en\/wp-json\/wp\/v2\/types\/page"}],"author":[{"embeddable":true,"href":"https:\/\/vidagenial.org\/en\/wp-json\/wp\/v2\/users\/1"}],"replies":[{"embeddable":true,"href":"https:\/\/vidagenial.org\/en\/wp-json\/wp\/v2\/comments?post=2119"}],"version-history":[{"count":7,"href":"https:\/\/vidagenial.org\/en\/wp-json\/wp\/v2\/pages\/2119\/revisions"}],"predecessor-version":[{"id":2130,"href":"https:\/\/vidagenial.org\/en\/wp-json\/wp\/v2\/pages\/2119\/revisions\/2130"}],"up":[{"embeddable":true,"href":"https:\/\/vidagenial.org\/en\/wp-json\/wp\/v2\/pages\/862"}],"wp:attachment":[{"href":"https:\/\/vidagenial.org\/en\/wp-json\/wp\/v2\/media?parent=2119"}],"curies":[{"name":"wp","href":"https:\/\/api.w.org\/{rel}","templated":true}]}}